{"id":65,"date":"2026-02-07T03:34:39","date_gmt":"2026-02-07T03:34:39","guid":{"rendered":"https:\/\/leserverlag.de\/?post_type=product&#038;p=65"},"modified":"2026-02-07T04:44:13","modified_gmt":"2026-02-07T04:44:13","slug":"hoerbuch-gefuehlsgeschichten","status":"publish","type":"product","link":"https:\/\/leserverlag.de\/?product=hoerbuch-gefuehlsgeschichten","title":{"rendered":"H\u00f6rbuch \u00bbGef\u00fchlsgeschichten\u00ab"},"content":{"rendered":"<p>Dies ist die auditive Version des Gef\u00fchlsgeschichten-Buches &#8211; original eingesprochen mit meiner Stimme.<\/p>\n<p>Zum H\u00f6rbuch geh\u00f6ren alle sieben Geschichten aus dem Buch:<\/p>\n<ul>\n<li>Die Schwarze Blume<\/li>\n<li>Der kleine Fuchs und die gro\u00dfen Fragen<\/li>\n<li>Die himmlische Reise des Engelsm\u00e4dchens*<\/li>\n<li>Der Wunsch des Fahrrads<\/li>\n<li>Der Baum der Weisheit*<\/li>\n<li>Die Stadt der Anderen<\/li>\n<li>Das Bild des Vertrauens<\/li>\n<\/ul>\n<p>M\u00f6chtest du nur ausgew\u00e4hlte Geschichten als H\u00f6rbuch? Zum Beispiel die Geschichten, die eher auf Erwachsene ausgerichtet sind (alle Geschichten, die oben mit einem * markiert sind), dann schreib mir bitte eine <a href=\"mailto:story@leserschrift.de\">pers\u00f6nliche Nachricht<\/a>. Jede Einzel-Geschichte als Audioversion hat dann einen Wert von 3 \u20ac.<\/p>\n","protected":false},"excerpt":{"rendered":"<p>Dies ist die auditive Version des Gef\u00fchlsgeschichten-Buches &#8211; original eingesprochen mit meiner Stimme. Zum H\u00f6rbuch geh\u00f6ren alle sieben Geschichten aus dem Buch: Die Schwarze Blume Der kleine Fuchs und die gro\u00dfen Fragen Die himmlische Reise des Engelsm\u00e4dchens* Der Wunsch des Fahrrads Der Baum der Weisheit* Die Stadt der Anderen Das Bild des Vertrauens M\u00f6chtest du [&hellip;]<\/p>\n","protected":false},"featured_media":24,"comment_status":"open","ping_status":"closed","template":"","meta":[],"product_brand":[],"product_cat":[33],"product_tag":[24,23,17,22],"class_list":{"0":"post-65","1":"product","2":"type-product","3":"status-publish","4":"has-post-thumbnail","6":"product_cat-hoerbuch-auditiv","7":"product_tag-audio","8":"product_tag-auditiv","9":"product_tag-gefuehlsgeschichten","10":"product_tag-hoerbuch","12":"entry","13":"has-media","15":"first","16":"instock","17":"shipping-taxable","18":"purchasable","19":"product-type-simple","20":"has-product-nav","21":"col","22":"span_1_of_3","23":"owp-content-center","24":"owp-thumbs-layout-horizontal","25":"owp-btn-normal","26":"owp-tabs-layout-horizontal"},"_links":{"self":[{"href":"https:\/\/leserverlag.de\/index.php?rest_route=\/wp\/v2\/product\/65","targetHints":{"allow":["GET"]}}],"collection":[{"href":"https:\/\/leserverlag.de\/index.php?rest_route=\/wp\/v2\/product"}],"about":[{"href":"https:\/\/leserverlag.de\/index.php?rest_route=\/wp\/v2\/types\/product"}],"replies":[{"embeddable":true,"href":"https:\/\/leserverlag.de\/index.php?rest_route=%2Fwp%2Fv2%2Fcomments&post=65"}],"wp:featuredmedia":[{"embeddable":true,"href":"https:\/\/leserverlag.de\/index.php?rest_route=\/wp\/v2\/media\/24"}],"wp:attachment":[{"href":"https:\/\/leserverlag.de\/index.php?rest_route=%2Fwp%2Fv2%2Fmedia&parent=65"}],"wp:term":[{"taxonomy":"product_brand","embeddable":true,"href":"https:\/\/leserverlag.de\/index.php?rest_route=%2Fwp%2Fv2%2Fproduct_brand&post=65"},{"taxonomy":"product_cat","embeddable":true,"href":"https:\/\/leserverlag.de\/index.php?rest_route=%2Fwp%2Fv2%2Fproduct_cat&post=65"},{"taxonomy":"product_tag","embeddable":true,"href":"https:\/\/leserverlag.de\/index.php?rest_route=%2Fwp%2Fv2%2Fproduct_tag&post=65"}],"curies":[{"name":"wp","href":"https:\/\/api.w.org\/{rel}","templated":true}]}}