{"id":64,"date":"2026-02-07T03:25:01","date_gmt":"2026-02-07T03:25:01","guid":{"rendered":"https:\/\/leserverlag.de\/?post_type=product&#038;p=64"},"modified":"2026-02-07T04:44:39","modified_gmt":"2026-02-07T04:44:39","slug":"widmung-fuer-die-gefuehlsgeschichten","status":"publish","type":"product","link":"https:\/\/leserverlag.de\/?product=widmung-fuer-die-gefuehlsgeschichten","title":{"rendered":"Widmung f\u00fcr die \u00bbGef\u00fchlsgeschichten\u00ab"},"content":{"rendered":"<p>Juhu, bald wird das Gef\u00fchlsgeschichten-Buch bei euch einziehen. <em>&#x2665;<\/em><\/p>\n<p>Wenn ihr m\u00f6gt, schreibe ich euch eine ganz pers\u00f6nliche Widmung hinein. Anstatt von Liane f\u00fcr &#8230; bekommt ihr eine <strong>ganz ausf\u00fchrliche Lebensbotschaft<\/strong>, die eine ganze Seite einnimmt. Immerhin ist es eine Widmung f\u00fcr \u00bbGef\u00fchlsgeschichten\u00ab, also braucht es auch eine sehr gef\u00fchlvolle Widmung. <em>&#x2665;<\/em><\/p>\n<p>Ich nehme mir immer viel Zeit f\u00fcr diese bedeutungsvollen Worte und es flie\u00dft so viel Wertvolles mit, dass es gut 30 \u20ac kosten k\u00f6nnte. Aber es ist mir eine Herzenssache.<\/p>\n<p>Bitte gib alle Namen der Menschen an, die ich ansprechen darf und schreib dazu, was davon die Kinder sind (falls die Eltern auch erw\u00e4hnt werden wollen :-).<\/p>\n<p><em>Vielen Dank f\u00fcr diese besondere Verbindung.<\/em><\/p>\n","protected":false},"excerpt":{"rendered":"<p>Juhu, bald wird das Gef\u00fchlsgeschichten-Buch bei euch einziehen. &#x2665; Wenn ihr m\u00f6gt, schreibe ich euch eine ganz pers\u00f6nliche Widmung hinein. Anstatt von Liane f\u00fcr &#8230; bekommt ihr eine ganz ausf\u00fchrliche Lebensbotschaft, die eine ganze Seite einnimmt. Immerhin ist es eine Widmung f\u00fcr \u00bbGef\u00fchlsgeschichten\u00ab, also braucht es auch eine sehr gef\u00fchlvolle Widmung. &#x2665; Ich nehme mir [&hellip;]<\/p>\n","protected":false},"featured_media":32,"comment_status":"open","ping_status":"closed","template":"","meta":[],"product_brand":[],"product_cat":[35],"product_tag":[17,26,19,18,27,25],"class_list":{"0":"post-64","1":"product","2":"type-product","3":"status-publish","4":"has-post-thumbnail","6":"product_cat-sonstiges","7":"product_tag-gefuehlsgeschichten","8":"product_tag-individuell","9":"product_tag-liane-leser","10":"product_tag-marlen-fischer","11":"product_tag-persoenlich","12":"product_tag-widmung","14":"entry","15":"has-media","17":"first","18":"instock","19":"shipping-taxable","20":"purchasable","21":"product-type-simple","22":"has-product-nav","23":"col","24":"span_1_of_3","25":"owp-content-center","26":"owp-thumbs-layout-horizontal","27":"owp-btn-normal","28":"owp-tabs-layout-horizontal","29":"has-no-thumbnails"},"_links":{"self":[{"href":"https:\/\/leserverlag.de\/index.php?rest_route=\/wp\/v2\/product\/64","targetHints":{"allow":["GET"]}}],"collection":[{"href":"https:\/\/leserverlag.de\/index.php?rest_route=\/wp\/v2\/product"}],"about":[{"href":"https:\/\/leserverlag.de\/index.php?rest_route=\/wp\/v2\/types\/product"}],"replies":[{"embeddable":true,"href":"https:\/\/leserverlag.de\/index.php?rest_route=%2Fwp%2Fv2%2Fcomments&post=64"}],"wp:featuredmedia":[{"embeddable":true,"href":"https:\/\/leserverlag.de\/index.php?rest_route=\/wp\/v2\/media\/32"}],"wp:attachment":[{"href":"https:\/\/leserverlag.de\/index.php?rest_route=%2Fwp%2Fv2%2Fmedia&parent=64"}],"wp:term":[{"taxonomy":"product_brand","embeddable":true,"href":"https:\/\/leserverlag.de\/index.php?rest_route=%2Fwp%2Fv2%2Fproduct_brand&post=64"},{"taxonomy":"product_cat","embeddable":true,"href":"https:\/\/leserverlag.de\/index.php?rest_route=%2Fwp%2Fv2%2Fproduct_cat&post=64"},{"taxonomy":"product_tag","embeddable":true,"href":"https:\/\/leserverlag.de\/index.php?rest_route=%2Fwp%2Fv2%2Fproduct_tag&post=64"}],"curies":[{"name":"wp","href":"https:\/\/api.w.org\/{rel}","templated":true}]}}