{"id":62,"date":"2026-02-07T03:03:07","date_gmt":"2026-02-07T03:03:07","guid":{"rendered":"https:\/\/leserverlag.de\/?post_type=product&#038;p=62"},"modified":"2026-04-15T16:15:36","modified_gmt":"2026-04-15T16:15:36","slug":"gefuehlsgeschichten-von-herz-zu-herz-fuer-gross-und-klein-2","status":"publish","type":"product","link":"https:\/\/leserverlag.de\/?product=gefuehlsgeschichten-von-herz-zu-herz-fuer-gross-und-klein-2","title":{"rendered":"Gef\u00fchlsgeschichten von Herz zu Herz f\u00fcr Gro\u00df und Klein"},"content":{"rendered":"<h3><em>\u00bbGef\u00fchlsgeschichten von Herz zu Herz f\u00fcr Gro\u00df und Klein\u00ab als gebundenes Buch<\/em><\/h3>\n<h4><i>von Liane Leser und Marlen Fischer<\/i><\/h4>\n<p>Das Gef\u00fchlsgeschichten-Buch enth\u00e4lt sieben Geschichten, in denen es um Werte wie z.B. Liebe, Vertrauen oder Gemeinschaftlichkeit geht. Die Geschichten zeichnen sich durch bestimmte Voraussetzungen aus. Sie sind:<\/p>\n<ul>\n<li>immer sanft und liebevoll geschrieben, keine kitschigen Texte<\/li>\n<li>f\u00fcr Tierfreunde und Naturliebhaber geeignet<\/li>\n<li>geeignet f\u00fcr hochsensible Menschen<\/li>\n<li>immer Happy End, denn das Leben darf sch\u00f6n sein<\/li>\n<li>f\u00fcr jede Altersklasse bestimmt (empfohlen ab 4 Jahre bis unendlich)*<\/li>\n<li>geistbefreiend, herzerw\u00e4rmend und manchmal zum Nachdenken anregend<\/li>\n<\/ul>\n<p>Alle Leserschrift-B\u00fccher werden umweltfreundlich gedruckt. F\u00fcr die Gef\u00fchlsgeschichten wurde Recyclingpapier verwendet und nat\u00fcrlich mit mineral\u00f6lfreien Farben gedruckt. Mit meinen B\u00fcchern d\u00fcrfen wir alle ein gutes Gewissen gegen\u00fcber der Erde haben und in aller Wertsch\u00e4tzung schreiben, drucken und lesen. &#x2665;<\/p>\n<p>Du magst eine ganz pers\u00f6nliche und umfangreiche Widmung ins Buch haben? Schau mal hier <a href=\"https:\/\/leserverlag.de\/?product=widmung-fuer-die-gefuehlsgeschichten\">\u00bb Widmung<\/a><\/p>\n<p>Die Bezahlung l\u00e4uft bisher via Vorauskasse. Ist dir etwas anderes lieber, wie pers\u00f6nliche \u00dcbergabe mit Barzahlung oder Paypal, so schreib deinen Wunsch bitte in das Nachricht-Feld unten im Formular.<\/p>\n<p><em>Vielen Dank, dass du dich f\u00fcr eine Bestellung der Gef\u00fchlsgeschichten entschieden hast. Das macht dich zu einem Teil meines Weges und daf\u00fcr danke ich dir sehr. &#x2665;<\/em><\/p>\n<p>&nbsp;<\/p>\n<hr \/>\n<p>&nbsp;<\/p>\n<p>Kurzbeschreibungen der Gef\u00fchlsgeschichten:<\/p>\n<p>1. Die schwarze Blume<br \/>\nDiese Geschichte handelt von einem M\u00e4dchen, das die Blumen liebt. Am liebsten hat sie die Blumen in ihrem Haar. In allen denkbaren Farben. Eines Tages f\u00e4llt ihr auf, dass ihr Haar noch nie eine schwarze Blume zierte. Damit beginnt ihre Suche, die ihr Ende in einer \u00fcberraschenden Erkenntnis findet.<\/p>\n<p>2. Der kleine Fuchs und die gro\u00dfen Fragen<br \/>\nDer kleine Fuchs r\u00e4tselt w\u00e4hrend eines Waldspaziergangs \u00fcber das Leben. Pl\u00f6tzlich erscheint ein alter Uhu und erz\u00e4hlt dem Fuchs etwas \u00fcber seine Vorgeschichte und das, was seine Seele noch auf der Erde erwarten wird. Diese Geschichte macht Erwachsene und Kinder auf eine herzallerliebste und humorvolle Weise mit Seelenwanderung vertraut.<\/p>\n<p>3. Die himmlische Suche des Engelsm\u00e4dchens<br \/>\nEin Engelskind aus dem Himmel hat W\u00fcnsche, genau wie wir Menschen. Und so macht sich das junge Engelsm\u00e4dchen auf den Weg zur Erde, um sich diese W\u00fcnsche zu erf\u00fcllen. Um nach der Farbe Rot zu suchen. Was sie unten auf der Erde findet, ver\u00e4ndert die Welt.<\/p>\n<p>4. Der Wunsch des Fahrrads<br \/>\nEin lebendiges Fahrrad f\u00e4hrt durch selbstst\u00e4ndig durch Naturlandschaften. Pl\u00f6tzlich hat es den Wunsch, fliegen zu k\u00f6nnen. Ob das wohl gelingt? Eine Geschichte, die sich mit dem gro\u00dfen Ganzen befasst und anregt, die Welt mal aus einer ganz anderen Perspektive zu betrachten.<\/p>\n<p>5. Baum der Weisheit<br \/>\nIn den Tiefen des Waldes verbirgt sich ein ganz alter Baum. Der Baum der Weisheit. Nur seelenreine Menschen finden hier her. Sie alle bringen etwas mit. Ihre eigene Geschichte und eine Herzensfrage. Der weise Baum kennt auf jede Frage eine Antwort und schenkt seinen Besuchern auf eine magische Art und Weise eine klare Sicht auf ihr Leben. Das beantwortet nicht nur ihre Frage, sondern macht auch ihren Geist frei und ihre Herzen noch ein St\u00fcck offener.<\/p>\n<p>6. Die Stadt der Anderen<br \/>\nMilo lebt an einem Ort, an dem es nur Liebe, Wertsch\u00e4tzung und Frieden gibt. Alles ist paradiesisch. Es gibt keine \u00e4u\u00dferen negativen Einfl\u00fcsse und mit Gef\u00fchle wie Leid und Schmerz gehen die Menschen anders um. Eines Tages verl\u00e4sst er mit seinem Hund Gustav das Dorf und lernt eine ganz andere Welt kennen. Um das Erlebte einfach so hinzunehmen, hat er viel zu viel Liebe im Herzen. Und verdammt viel Mut.<\/p>\n<p>7. Das Bild des Vertrauens<br \/>\nDie kleine Patricia ger\u00e4t durch gesellschaftliche Erfahrungen manchmal etwas ins Ungleichgewicht und beginnt, zu schwindeln. Doch ihre Mami hat eine besondere Art, ihr zu sagen, wieso Vertrauen so wichtig ist und wieso sie sich nicht vor Ehrlichkeit f\u00fcrchten brauch.<\/p>\n<p><strong>Mehr zu den Gef\u00fchlsgeschichten gibt es hier <a href=\"https:\/\/gefuehlsgeschichten.de\/\">\u00bb www.gefuehlsgeschichten.de<\/a><\/strong><\/p>\n","protected":false},"excerpt":{"rendered":"<p>\u00bbGef\u00fchlsgeschichten von Herz zu Herz f\u00fcr Gro\u00df und Klein\u00ab als gebundenes Buch von Liane Leser und Marlen Fischer Das Gef\u00fchlsgeschichten-Buch enth\u00e4lt sieben Geschichten, in denen es um Werte wie z.B. Liebe, Vertrauen oder Gemeinschaftlichkeit geht. Die Geschichten zeichnen sich durch bestimmte Voraussetzungen aus. Sie sind: immer sanft und liebevoll geschrieben, keine kitschigen Texte f\u00fcr Tierfreunde [&hellip;]<\/p>\n","protected":false},"featured_media":49,"comment_status":"open","ping_status":"closed","template":"","meta":[],"product_brand":[],"product_cat":[32],"product_tag":[21,17,19,18,20],"class_list":{"0":"post-62","1":"product","2":"type-product","3":"status-publish","4":"has-post-thumbnail","6":"product_cat-buch-physisch","7":"product_tag-fuer-gross-und-klein","8":"product_tag-gefuehlsgeschichten","9":"product_tag-liane-leser","10":"product_tag-marlen-fischer","11":"product_tag-von-herz-zu-herz","13":"entry","14":"has-media","16":"first","17":"instock","18":"shipping-taxable","19":"purchasable","20":"product-type-simple","21":"has-product-nav","22":"col","23":"span_1_of_3","24":"owp-content-center","25":"owp-thumbs-layout-horizontal","26":"owp-btn-normal","27":"owp-tabs-layout-horizontal"},"_links":{"self":[{"href":"https:\/\/leserverlag.de\/index.php?rest_route=\/wp\/v2\/product\/62","targetHints":{"allow":["GET"]}}],"collection":[{"href":"https:\/\/leserverlag.de\/index.php?rest_route=\/wp\/v2\/product"}],"about":[{"href":"https:\/\/leserverlag.de\/index.php?rest_route=\/wp\/v2\/types\/product"}],"replies":[{"embeddable":true,"href":"https:\/\/leserverlag.de\/index.php?rest_route=%2Fwp%2Fv2%2Fcomments&post=62"}],"wp:featuredmedia":[{"embeddable":true,"href":"https:\/\/leserverlag.de\/index.php?rest_route=\/wp\/v2\/media\/49"}],"wp:attachment":[{"href":"https:\/\/leserverlag.de\/index.php?rest_route=%2Fwp%2Fv2%2Fmedia&parent=62"}],"wp:term":[{"taxonomy":"product_brand","embeddable":true,"href":"https:\/\/leserverlag.de\/index.php?rest_route=%2Fwp%2Fv2%2Fproduct_brand&post=62"},{"taxonomy":"product_cat","embeddable":true,"href":"https:\/\/leserverlag.de\/index.php?rest_route=%2Fwp%2Fv2%2Fproduct_cat&post=62"},{"taxonomy":"product_tag","embeddable":true,"href":"https:\/\/leserverlag.de\/index.php?rest_route=%2Fwp%2Fv2%2Fproduct_tag&post=62"}],"curies":[{"name":"wp","href":"https:\/\/api.w.org\/{rel}","templated":true}]}}