{"id":61,"date":"2026-02-07T03:01:29","date_gmt":"2026-02-07T03:01:29","guid":{"rendered":"https:\/\/leserverlag.de\/?post_type=product&#038;p=61"},"modified":"2026-04-15T16:43:26","modified_gmt":"2026-04-15T16:43:26","slug":"du-bist-wertvoll","status":"publish","type":"product","link":"https:\/\/leserverlag.de\/?product=du-bist-wertvoll","title":{"rendered":"Du Bist Wertvoll"},"content":{"rendered":"<p>\u00bbDu bist wertvoll\u00ab ist ein <strong>personifiziertes H\u00f6rbuch mit Namen<\/strong> f\u00fcr die Kleinsten. Es besteht aus:<\/p>\n<ul>\n<li>5 Gedichten<\/li>\n<li>mit insgesamt 10 st\u00e4rkenden Affirmationen wie z.B.\n<ul>\n<li>Du bist in Sicherheit.<\/li>\n<li>Du wirst geliebt.<\/li>\n<li>Du bist perfekt wie du bist.<\/li>\n<li>&#8230;<\/li>\n<\/ul>\n<\/li>\n<li>und zwischen den Gedichten zus\u00e4tzliche Verse\n<ul>\n<li>mit dem <strong>Namen deines Kindes<\/strong>\u00a0&#x2665;<\/li>\n<\/ul>\n<\/li>\n<\/ul>\n<p>&nbsp;<\/p>\n<p><a href=\"https:\/\/www.youtube.com\/watch?v=rq2e64up5Wo\" target=\"_blank\" rel=\"noopener\">Hier geht\u00b4s zu einer H\u00f6rprobe bei Youtube:<\/a><\/p>\n<p><iframe loading=\"lazy\" title=\"YouTube video player\" src=\"https:\/\/www.youtube.com\/embed\/rq2e64up5Wo?si=25JsR84pofFUwu4h\" width=\"560\" height=\"315\" frameborder=\"0\" allowfullscreen=\"allowfullscreen\"><\/iframe><\/p>\n<p>Jeder neue Name wird individuell eingesprochen. Es dauert also ein paar Tage bis du das fertige Werk erh\u00e4ltst.<br \/>\nFortan kommt es via E-Mail zu dir und du kannst die mp3-Datei verwerten wie du magst (auf den Stick speichern, auf CD brennen, vom Handy aus abspielen)<\/p>\n<p><strong>Wichtig:<\/strong> Gib in den Anmerkungen unbedingt den Namen des Kindes an.<br \/>\nWenn du wegen der Aussprache sicher gehen magst, dann schick mir gerne eine <a href=\"tel:+4915254115575\"><strong>Sprachnachricht auf Telegram oder WhatsApp<\/strong><\/a> + eine kurze Textnachricht dazu.<\/p>\n<p>Ist deine <strong>Bestellung dringend?<\/strong> Gib das bitte unbedingt in den Anmerkungen ein &#8211; am besten ein Datum dazu.<\/p>\n<p>Altersempfehlung: ab 1 Jahr bis etwa 5 Jahre<\/p>\n<p><em>Vielen Dank, dass du dich f\u00fcr eine Bestellung der Gef\u00fchlsgeschichten entschieden hast. Das macht dich zu einem Teil meines Weges und daf\u00fcr danke ich dir sehr. &#x2665;<\/em><\/p>\n","protected":false},"excerpt":{"rendered":"<p>\u00bbDu bist wertvoll\u00ab ist ein personifiziertes H\u00f6rbuch mit Namen f\u00fcr die Kleinsten. Es besteht aus: 5 Gedichten mit insgesamt 10 st\u00e4rkenden Affirmationen wie z.B. Du bist in Sicherheit. Du wirst geliebt. Du bist perfekt wie du bist. &#8230; und zwischen den Gedichten zus\u00e4tzliche Verse mit dem Namen deines Kindes\u00a0&#x2665; &nbsp; Hier geht\u00b4s zu einer H\u00f6rprobe [&hellip;]<\/p>\n","protected":false},"featured_media":19,"comment_status":"open","ping_status":"closed","template":"","meta":[],"product_brand":[],"product_cat":[33],"product_tag":[28,30,22,31,26,29,27],"class_list":{"0":"post-61","1":"product","2":"type-product","3":"status-publish","4":"has-post-thumbnail","6":"product_cat-hoerbuch-auditiv","7":"product_tag-du-bist-wertvoll","8":"product_tag-eigener-name","9":"product_tag-hoerbuch","10":"product_tag-hoerbuch-mit-namen","11":"product_tag-individuell","12":"product_tag-mit-namen","13":"product_tag-persoenlich","15":"entry","16":"has-media","18":"first","19":"instock","20":"virtual","21":"purchasable","22":"product-type-simple","23":"has-product-nav","24":"col","25":"span_1_of_3","26":"owp-content-center","27":"owp-thumbs-layout-horizontal","28":"owp-btn-normal","29":"owp-tabs-layout-horizontal","30":"has-no-thumbnails"},"_links":{"self":[{"href":"https:\/\/leserverlag.de\/index.php?rest_route=\/wp\/v2\/product\/61","targetHints":{"allow":["GET"]}}],"collection":[{"href":"https:\/\/leserverlag.de\/index.php?rest_route=\/wp\/v2\/product"}],"about":[{"href":"https:\/\/leserverlag.de\/index.php?rest_route=\/wp\/v2\/types\/product"}],"replies":[{"embeddable":true,"href":"https:\/\/leserverlag.de\/index.php?rest_route=%2Fwp%2Fv2%2Fcomments&post=61"}],"wp:featuredmedia":[{"embeddable":true,"href":"https:\/\/leserverlag.de\/index.php?rest_route=\/wp\/v2\/media\/19"}],"wp:attachment":[{"href":"https:\/\/leserverlag.de\/index.php?rest_route=%2Fwp%2Fv2%2Fmedia&parent=61"}],"wp:term":[{"taxonomy":"product_brand","embeddable":true,"href":"https:\/\/leserverlag.de\/index.php?rest_route=%2Fwp%2Fv2%2Fproduct_brand&post=61"},{"taxonomy":"product_cat","embeddable":true,"href":"https:\/\/leserverlag.de\/index.php?rest_route=%2Fwp%2Fv2%2Fproduct_cat&post=61"},{"taxonomy":"product_tag","embeddable":true,"href":"https:\/\/leserverlag.de\/index.php?rest_route=%2Fwp%2Fv2%2Fproduct_tag&post=61"}],"curies":[{"name":"wp","href":"https:\/\/api.w.org\/{rel}","templated":true}]}}