{"id":60,"date":"2026-02-07T02:42:14","date_gmt":"2026-02-07T02:42:14","guid":{"rendered":"https:\/\/leserverlag.de\/?post_type=product&#038;p=60"},"modified":"2026-02-07T04:45:28","modified_gmt":"2026-02-07T04:45:28","slug":"phu-pupsi-hat-gepupst","status":"publish","type":"product","link":"https:\/\/leserverlag.de\/?product=phu-pupsi-hat-gepupst","title":{"rendered":"Phu! Pupsi hat gepupst!"},"content":{"rendered":"<h3><em>\u00bbPhu! Pupsi hat gepupst!\u00ab als gebundenes Buch inkl. Pupskissen<\/em><\/h3>\n<h4><i>von Liane Leser und Jasmin Krilla<\/i><\/h4>\n<p>Zu dem Buch geh\u00f6rt ein Pupskissen aus Naturkautschuk. Hier findest du <a href=\"https:\/\/leserverlag.de\/?page_id=67\">\u00bb Tipps zum Pupskissen<\/a>.<\/p>\n<p>Die gro\u00dfe Geschichte eignet sich f\u00fcr Kinder ab 4 Jahre. Ist die Aufmerksamkeit nicht da, lest einfach die Kurzversion als Gedicht. Das ist auch besonders praktisch wenn es abends schon zu sp\u00e4t f\u00fcr eine lange Geschichte ist. \ud83d\ude42<\/p>\n<p>Alle Leserschrift-B\u00fccher werden umweltfreundlich gedruckt. Das \u00bbPupsi-Buch\u00ab wurde nach dem Cradle-to-Cradle-Verfahren bei der Druckerei Lokay gedruckt. Dieser umweltfreundlichen Druckerei verdanken wir die besondere Haptik des Buchumschlages.<\/p>\n<p>Die Bezahlung l\u00e4uft bisher via Vorauskasse. Ist dir etwas anderes lieber, wie pers\u00f6nliche \u00dcbergabe mit Barzahlung oder Paypal, so schreib deinen Wunsch bitte <a href=\"mailto:story@leserschrift.de\" target=\"_blank\" rel=\"noopener\">eine Nachricht<\/a>.<\/p>\n<p>Vielen Dank, dass du dich f\u00fcr eine Bestellung der Gef\u00fchlsgeschichten entschieden hast. Das macht dich zu einem Teil meines Weges und daf\u00fcr danke ich dir sehr. &#x2665;<\/p>\n","protected":false},"excerpt":{"rendered":"<p>\u00bbPhu! Pupsi hat gepupst!\u00ab als gebundenes Buch inkl. Pupskissen von Liane Leser und Jasmin Krilla Zu dem Buch geh\u00f6rt ein Pupskissen aus Naturkautschuk. Hier findest du \u00bb Tipps zum Pupskissen. Die gro\u00dfe Geschichte eignet sich f\u00fcr Kinder ab 4 Jahre. Ist die Aufmerksamkeit nicht da, lest einfach die Kurzversion als Gedicht. Das ist auch besonders [&hellip;]<\/p>\n","protected":false},"featured_media":44,"comment_status":"open","ping_status":"closed","template":"","meta":[],"product_brand":[],"product_cat":[32],"product_tag":[21,17,19,18,20],"class_list":{"0":"post-60","1":"product","2":"type-product","3":"status-publish","4":"has-post-thumbnail","6":"product_cat-buch-physisch","7":"product_tag-fuer-gross-und-klein","8":"product_tag-gefuehlsgeschichten","9":"product_tag-liane-leser","10":"product_tag-marlen-fischer","11":"product_tag-von-herz-zu-herz","13":"entry","14":"has-media","16":"first","17":"instock","18":"shipping-taxable","19":"purchasable","20":"product-type-simple","21":"has-product-nav","22":"col","23":"span_1_of_3","24":"owp-content-center","25":"owp-thumbs-layout-horizontal","26":"owp-btn-normal","27":"owp-tabs-layout-horizontal"},"_links":{"self":[{"href":"https:\/\/leserverlag.de\/index.php?rest_route=\/wp\/v2\/product\/60","targetHints":{"allow":["GET"]}}],"collection":[{"href":"https:\/\/leserverlag.de\/index.php?rest_route=\/wp\/v2\/product"}],"about":[{"href":"https:\/\/leserverlag.de\/index.php?rest_route=\/wp\/v2\/types\/product"}],"replies":[{"embeddable":true,"href":"https:\/\/leserverlag.de\/index.php?rest_route=%2Fwp%2Fv2%2Fcomments&post=60"}],"wp:featuredmedia":[{"embeddable":true,"href":"https:\/\/leserverlag.de\/index.php?rest_route=\/wp\/v2\/media\/44"}],"wp:attachment":[{"href":"https:\/\/leserverlag.de\/index.php?rest_route=%2Fwp%2Fv2%2Fmedia&parent=60"}],"wp:term":[{"taxonomy":"product_brand","embeddable":true,"href":"https:\/\/leserverlag.de\/index.php?rest_route=%2Fwp%2Fv2%2Fproduct_brand&post=60"},{"taxonomy":"product_cat","embeddable":true,"href":"https:\/\/leserverlag.de\/index.php?rest_route=%2Fwp%2Fv2%2Fproduct_cat&post=60"},{"taxonomy":"product_tag","embeddable":true,"href":"https:\/\/leserverlag.de\/index.php?rest_route=%2Fwp%2Fv2%2Fproduct_tag&post=60"}],"curies":[{"name":"wp","href":"https:\/\/api.w.org\/{rel}","templated":true}]}}