{"id":67,"date":"2026-02-07T03:50:23","date_gmt":"2026-02-07T03:50:23","guid":{"rendered":"https:\/\/leserverlag.de\/?page_id=67"},"modified":"2026-02-07T03:50:23","modified_gmt":"2026-02-07T03:50:23","slug":"das-pupskissen","status":"publish","type":"page","link":"https:\/\/leserverlag.de\/?page_id=67","title":{"rendered":"Das Pupskissen"},"content":{"rendered":"\n<p>&#8230; und wie du es am besten bedienst.<\/p>\n\n\n\n<figure class=\"wp-block-image size-large is-resized\"><img loading=\"lazy\" decoding=\"async\" width=\"1024\" height=\"768\" src=\"http:\/\/leserverlag.de\/wp-content\/uploads\/2026\/02\/photo_2022-03-09_12-31-13-2-1024x768.jpg\" alt=\"\" class=\"wp-image-44\" style=\"width:376px;height:auto\" srcset=\"https:\/\/leserverlag.de\/wp-content\/uploads\/2026\/02\/photo_2022-03-09_12-31-13-2-1024x768.jpg 1024w, https:\/\/leserverlag.de\/wp-content\/uploads\/2026\/02\/photo_2022-03-09_12-31-13-2-600x450.jpg 600w, https:\/\/leserverlag.de\/wp-content\/uploads\/2026\/02\/photo_2022-03-09_12-31-13-2-300x225.jpg 300w, https:\/\/leserverlag.de\/wp-content\/uploads\/2026\/02\/photo_2022-03-09_12-31-13-2-768x576.jpg 768w, https:\/\/leserverlag.de\/wp-content\/uploads\/2026\/02\/photo_2022-03-09_12-31-13-2.jpg 1280w\" sizes=\"auto, (max-width: 1024px) 100vw, 1024px\" \/><\/figure>\n\n\n\n<p>Das Pupskissen ist zum Selbstaufblasen.<br>Es besteht aus Naturkautschuk. Naturkautschuk ist ein Naturprodukt und kann allergische Reaktionen hervorrufen.<\/p>\n\n\n\n<p>Bevor du es erstmals nutzt, reinigst du bitte die Aufblas\u00f6ffnung.<br>Aufgrund von etwaigen R\u00fcckst\u00e4nden von der Produktion, ist das zu empfehlen.<\/p>\n\n\n\n<p>Puste nicht mit aller Kraft in das Kissen, da so unter Umst\u00e4nden Risse entstehen k\u00f6nnen.<\/p>\n\n\n\n<p>Beim Draufsetzen sollte die Aufblas\u00f6ffnung nicht abgedr\u00fcckt werden.<br>Sonst platzt das Kissen, da die Luft nicht entweichen kann.<\/p>\n\n\n\n<p>Achtung: Nicht geeignet f\u00fcr Kinder unter 36 Monaten. Erstickungsgefahr besteht auch bei Kleinteilen geplatzter Pupskissen f\u00fcr Kinder unter acht Jahren.<br>Erwachsene sollten die Nutzung der Pupskissen beaufsichtigen. Hergestellt aus Naturkautschuk, der allergische Reaktionen verursachen kann.<\/p>\n\n\n\n<p>Entsorge das kaputte Kissen bitte in der gelben Tonne.<\/p>\n\n\n\n<p><strong>Hinweis: Das Buch wird definitiv \u00e4lter als das Pupskissen. \ud83d\ude09<\/strong><\/p>\n","protected":false},"excerpt":{"rendered":"<p>&#8230; und wie du es am besten bedienst. Das Pupskissen ist zum Selbstaufblasen.Es besteht aus Naturkautschuk. Naturkautschuk ist ein Naturprodukt und kann allergische Reaktionen hervorrufen. Bevor du es erstmals nutzt, reinigst du bitte die Aufblas\u00f6ffnung.Aufgrund von etwaigen R\u00fcckst\u00e4nden von der Produktion, ist das zu empfehlen. Puste nicht mit aller Kraft in das Kissen, da so [&hellip;]<\/p>\n","protected":false},"author":1,"featured_media":0,"parent":0,"menu_order":0,"comment_status":"closed","ping_status":"closed","template":"","meta":{"footnotes":""},"class_list":["post-67","page","type-page","status-publish","hentry","entry","owp-thumbs-layout-horizontal","owp-btn-normal","owp-tabs-layout-horizontal","has-no-thumbnails","has-product-nav"],"_links":{"self":[{"href":"https:\/\/leserverlag.de\/index.php?rest_route=\/wp\/v2\/pages\/67","targetHints":{"allow":["GET"]}}],"collection":[{"href":"https:\/\/leserverlag.de\/index.php?rest_route=\/wp\/v2\/pages"}],"about":[{"href":"https:\/\/leserverlag.de\/index.php?rest_route=\/wp\/v2\/types\/page"}],"author":[{"embeddable":true,"href":"https:\/\/leserverlag.de\/index.php?rest_route=\/wp\/v2\/users\/1"}],"replies":[{"embeddable":true,"href":"https:\/\/leserverlag.de\/index.php?rest_route=%2Fwp%2Fv2%2Fcomments&post=67"}],"version-history":[{"count":1,"href":"https:\/\/leserverlag.de\/index.php?rest_route=\/wp\/v2\/pages\/67\/revisions"}],"predecessor-version":[{"id":68,"href":"https:\/\/leserverlag.de\/index.php?rest_route=\/wp\/v2\/pages\/67\/revisions\/68"}],"wp:attachment":[{"href":"https:\/\/leserverlag.de\/index.php?rest_route=%2Fwp%2Fv2%2Fmedia&parent=67"}],"curies":[{"name":"wp","href":"https:\/\/api.w.org\/{rel}","templated":true}]}}