{"id":37,"date":"2026-02-07T01:38:38","date_gmt":"2026-02-07T01:38:38","guid":{"rendered":"https:\/\/leserverlag.de\/?page_id=37"},"modified":"2026-02-07T02:17:52","modified_gmt":"2026-02-07T02:17:52","slug":"warenkorb","status":"publish","type":"page","link":"https:\/\/leserverlag.de\/?page_id=37","title":{"rendered":"Warenkorb"},"content":{"rendered":"\n<div data-block-name=\"woocommerce\/cart\" class=\"wp-block-woocommerce-cart alignwide is-loading\">\n<div data-block-name=\"woocommerce\/filled-cart-block\" class=\"wp-block-woocommerce-filled-cart-block\">\n<div data-block-name=\"woocommerce\/cart-items-block\" class=\"wp-block-woocommerce-cart-items-block\">\n<div data-block-name=\"woocommerce\/cart-line-items-block\" class=\"wp-block-woocommerce-cart-line-items-block\"><\/div>\n\n\n<\/div>\n\n\n\n\n<div data-block-name=\"woocommerce\/cart-totals-block\" class=\"wp-block-woocommerce-cart-totals-block\">\n<div data-block-name=\"woocommerce\/cart-order-summary-block\" class=\"wp-block-woocommerce-cart-order-summary-block\">\n<div data-block-name=\"woocommerce\/cart-order-summary-heading-block\" class=\"wp-block-woocommerce-cart-order-summary-heading-block\"><\/div><div data-block-name=\"woocommerce\/cart-order-summary-coupon-form-block\" class=\"wp-block-woocommerce-cart-order-summary-coupon-form-block\"><\/div><div data-block-name=\"woocommerce\/cart-order-summary-totals-block\" class=\"wp-block-woocommerce-cart-order-summary-totals-block\">\n<div data-block-name=\"woocommerce\/cart-order-summary-subtotal-block\" class=\"wp-block-woocommerce-cart-order-summary-subtotal-block\"><\/div>\n<div data-block-name=\"woocommerce\/cart-order-summary-discount-block\" class=\"wp-block-woocommerce-cart-order-summary-discount-block\"><\/div>\n<div data-block-name=\"woocommerce\/cart-order-summary-fee-block\" class=\"wp-block-woocommerce-cart-order-summary-fee-block\"><\/div>\n<div data-block-name=\"woocommerce\/cart-order-summary-shipping-block\" class=\"wp-block-woocommerce-cart-order-summary-shipping-block\"><\/div>\n<div data-block-name=\"woocommerce\/cart-order-summary-taxes-block\" class=\"wp-block-woocommerce-cart-order-summary-taxes-block\"><\/div><\/div>\n<\/div>\n\n\n\n<div data-block-name=\"woocommerce\/cart-express-payment-block\" class=\"wp-block-woocommerce-cart-express-payment-block\"><\/div>\n\n\n\n<div data-block-name=\"woocommerce\/proceed-to-checkout-block\" class=\"wp-block-woocommerce-proceed-to-checkout-block\"><\/div>\n\n\n\n<div data-block-name=\"woocommerce\/cart-accepted-payment-methods-block\" class=\"wp-block-woocommerce-cart-accepted-payment-methods-block\"><\/div>\n<\/div>\n<\/div>\n\n\n\n<div data-block-name=\"woocommerce\/empty-cart-block\" class=\"wp-block-woocommerce-empty-cart-block\">\n<h2 class=\"wp-block-heading has-text-align-center with-empty-cart-icon wc-block-cart__empty-cart__title\">Dein Warenkorb ist gerade leer!<\/h2>\n\n\n\n<hr class=\"wp-block-separator has-alpha-channel-opacity is-style-dots\"\/>\n\n\n\n<h2 class=\"wp-block-heading has-text-align-center\">Neu im Shop<\/h2>\n\n\n<div data-block-name=\"woocommerce\/product-new\" data-columns=\"4\" data-rows=\"1\" class=\"wc-block-grid wp-block-product-new wp-block-woocommerce-product-new wc-block-product-new has-4-columns\"><ul class=\"wc-block-grid__products\"><li class=\"wc-block-grid__product\">\n\t\t\t\t<a href=\"https:\/\/leserverlag.de\/?product=hoerbuch-gefuehlsgeschichten\" class=\"wc-block-grid__product-link\">\n\t\t\t\t\t\n\t\t\t\t\t<div class=\"wc-block-grid__product-image\"><img loading=\"lazy\" decoding=\"async\" width=\"300\" height=\"300\" src=\"https:\/\/leserverlag.de\/wp-content\/uploads\/2026\/02\/hoerbuch-gefuehlsgeschichten-zum-hoeren-300x300.jpg\" class=\"attachment-woocommerce_thumbnail size-woocommerce_thumbnail\" alt=\"H\u00f6rbuch \u00bbGef\u00fchlsgeschichten\u00ab\" srcset=\"https:\/\/leserverlag.de\/wp-content\/uploads\/2026\/02\/hoerbuch-gefuehlsgeschichten-zum-hoeren-300x300.jpg 300w, https:\/\/leserverlag.de\/wp-content\/uploads\/2026\/02\/hoerbuch-gefuehlsgeschichten-zum-hoeren-100x100.jpg 100w, https:\/\/leserverlag.de\/wp-content\/uploads\/2026\/02\/hoerbuch-gefuehlsgeschichten-zum-hoeren-150x150.jpg 150w, https:\/\/leserverlag.de\/wp-content\/uploads\/2026\/02\/hoerbuch-gefuehlsgeschichten-zum-hoeren-600x600.jpg 600w\" sizes=\"auto, (max-width: 300px) 100vw, 300px\" \/><\/div>\n\t\t\t\t\t<div class=\"wc-block-grid__product-title\">H\u00f6rbuch \u00bbGef\u00fchlsgeschichten\u00ab<\/div>\n\t\t\t\t<\/a>\n\t\t\t\t<div class=\"wc-block-grid__product-price price\"><span class=\"woocommerce-Price-amount amount\">18,00&nbsp;<span class=\"woocommerce-Price-currencySymbol\">&euro;<\/span><\/span><\/div>\n\t\t\t\t\n\t\t\t\t<div class=\"wp-block-button wc-block-grid__product-add-to-cart\"><a href=\"\/index.php?rest_route=%2Fwp%2Fv2%2Fpages%2F37&#038;add-to-cart=65\" aria-label=\"In den Warenkorb legen: \u201eH\u00f6rbuch \u00bbGef\u00fchlsgeschichten\u00ab\u201c\" data-quantity=\"1\" data-product_id=\"65\" data-product_sku=\"GG22-HB\" data-price=\"18\" rel=\"nofollow\" class=\"wp-block-button__link  add_to_cart_button ajax_add_to_cart\">In den Warenkorb<\/a><\/div>\n\t\t\t<\/li><li class=\"wc-block-grid__product\">\n\t\t\t\t<a href=\"https:\/\/leserverlag.de\/?product=widmung-fuer-die-gefuehlsgeschichten\" class=\"wc-block-grid__product-link\">\n\t\t\t\t\t\n\t\t\t\t\t<div class=\"wc-block-grid__product-image\"><img loading=\"lazy\" decoding=\"async\" width=\"300\" height=\"300\" src=\"https:\/\/leserverlag.de\/wp-content\/uploads\/2026\/02\/buch-cover-gefuehlsgeschichten_2021_ohneLeseband-300x300.png\" class=\"attachment-woocommerce_thumbnail size-woocommerce_thumbnail\" alt=\"Widmung f\u00fcr die \u00bbGef\u00fchlsgeschichten\u00ab\" srcset=\"https:\/\/leserverlag.de\/wp-content\/uploads\/2026\/02\/buch-cover-gefuehlsgeschichten_2021_ohneLeseband-300x300.png 300w, https:\/\/leserverlag.de\/wp-content\/uploads\/2026\/02\/buch-cover-gefuehlsgeschichten_2021_ohneLeseband-100x100.png 100w, https:\/\/leserverlag.de\/wp-content\/uploads\/2026\/02\/buch-cover-gefuehlsgeschichten_2021_ohneLeseband-150x150.png 150w\" sizes=\"auto, (max-width: 300px) 100vw, 300px\" \/><\/div>\n\t\t\t\t\t<div class=\"wc-block-grid__product-title\">Widmung f\u00fcr die \u00bbGef\u00fchlsgeschichten\u00ab<\/div>\n\t\t\t\t<\/a>\n\t\t\t\t<div class=\"wc-block-grid__product-price price\"><span class=\"woocommerce-Price-amount amount\">5,00&nbsp;<span class=\"woocommerce-Price-currencySymbol\">&euro;<\/span><\/span><\/div>\n\t\t\t\t\n\t\t\t\t<div class=\"wp-block-button wc-block-grid__product-add-to-cart\"><a href=\"\/index.php?rest_route=%2Fwp%2Fv2%2Fpages%2F37&#038;add-to-cart=64\" aria-label=\"In den Warenkorb legen: \u201eWidmung f\u00fcr die \u00bbGef\u00fchlsgeschichten\u00ab\u201c\" data-quantity=\"1\" data-product_id=\"64\" data-product_sku=\"GG22-W\" data-price=\"5\" rel=\"nofollow\" class=\"wp-block-button__link  add_to_cart_button ajax_add_to_cart\">In den Warenkorb<\/a><\/div>\n\t\t\t<\/li><li class=\"wc-block-grid__product\">\n\t\t\t\t<a href=\"https:\/\/leserverlag.de\/?product=gefuehlsgeschichten-von-herz-zu-herz-fuer-gross-und-klein-2\" class=\"wc-block-grid__product-link\">\n\t\t\t\t\t\n\t\t\t\t\t<div class=\"wc-block-grid__product-image\"><img loading=\"lazy\" decoding=\"async\" width=\"300\" height=\"300\" src=\"https:\/\/leserverlag.de\/wp-content\/uploads\/2026\/02\/gg-300x300.jpg\" class=\"attachment-woocommerce_thumbnail size-woocommerce_thumbnail\" alt=\"Gef\u00fchlsgeschichten von Herz zu Herz f\u00fcr Gro\u00df und Klein\" srcset=\"https:\/\/leserverlag.de\/wp-content\/uploads\/2026\/02\/gg-300x300.jpg 300w, https:\/\/leserverlag.de\/wp-content\/uploads\/2026\/02\/gg-100x100.jpg 100w, https:\/\/leserverlag.de\/wp-content\/uploads\/2026\/02\/gg-150x150.jpg 150w, https:\/\/leserverlag.de\/wp-content\/uploads\/2026\/02\/gg-600x600.jpg 600w\" sizes=\"auto, (max-width: 300px) 100vw, 300px\" \/><\/div>\n\t\t\t\t\t<div class=\"wc-block-grid__product-title\">Gef\u00fchlsgeschichten von Herz zu Herz f\u00fcr Gro\u00df und Klein<\/div>\n\t\t\t\t<\/a>\n\t\t\t\t<div class=\"wc-block-grid__product-price price\"><span class=\"woocommerce-Price-amount amount\">20,00&nbsp;<span class=\"woocommerce-Price-currencySymbol\">&euro;<\/span><\/span><\/div>\n\t\t\t\t\n\t\t\t\t<div class=\"wp-block-button wc-block-grid__product-add-to-cart\"><a href=\"\/index.php?rest_route=%2Fwp%2Fv2%2Fpages%2F37&#038;add-to-cart=62\" aria-label=\"In den Warenkorb legen: \u201eGef\u00fchlsgeschichten von Herz zu Herz f\u00fcr Gro\u00df und Klein\u201c\" data-quantity=\"1\" data-product_id=\"62\" data-product_sku=\"GG22\" data-price=\"20\" rel=\"nofollow\" class=\"wp-block-button__link  add_to_cart_button ajax_add_to_cart\">In den Warenkorb<\/a><\/div>\n\t\t\t<\/li><li class=\"wc-block-grid__product\">\n\t\t\t\t<a href=\"https:\/\/leserverlag.de\/?product=du-bist-wertvoll\" class=\"wc-block-grid__product-link\">\n\t\t\t\t\t\n\t\t\t\t\t<div class=\"wc-block-grid__product-image\"><img loading=\"lazy\" decoding=\"async\" width=\"300\" height=\"300\" src=\"https:\/\/leserverlag.de\/wp-content\/uploads\/2026\/02\/du-bist-wertvoll-hoerbuch-300x300.png\" class=\"attachment-woocommerce_thumbnail size-woocommerce_thumbnail\" alt=\"Du Bist Wertvoll\" srcset=\"https:\/\/leserverlag.de\/wp-content\/uploads\/2026\/02\/du-bist-wertvoll-hoerbuch-300x300.png 300w, https:\/\/leserverlag.de\/wp-content\/uploads\/2026\/02\/du-bist-wertvoll-hoerbuch-100x100.png 100w, https:\/\/leserverlag.de\/wp-content\/uploads\/2026\/02\/du-bist-wertvoll-hoerbuch-600x600.png 600w, https:\/\/leserverlag.de\/wp-content\/uploads\/2026\/02\/du-bist-wertvoll-hoerbuch-150x150.png 150w, https:\/\/leserverlag.de\/wp-content\/uploads\/2026\/02\/du-bist-wertvoll-hoerbuch.png 626w\" sizes=\"auto, (max-width: 300px) 100vw, 300px\" \/><\/div>\n\t\t\t\t\t<div class=\"wc-block-grid__product-title\">Du Bist Wertvoll<\/div>\n\t\t\t\t<\/a>\n\t\t\t\t<div class=\"wc-block-grid__product-price price\"><span class=\"woocommerce-Price-amount amount\">15,00&nbsp;<span class=\"woocommerce-Price-currencySymbol\">&euro;<\/span><\/span><\/div>\n\t\t\t\t\n\t\t\t\t<div class=\"wp-block-button wc-block-grid__product-add-to-cart\"><a href=\"\/index.php?rest_route=%2Fwp%2Fv2%2Fpages%2F37&#038;add-to-cart=61\" aria-label=\"In den Warenkorb legen: \u201eDu Bist Wertvoll\u201c\" data-quantity=\"1\" data-product_id=\"61\" data-product_sku=\"HB25\" data-price=\"15\" rel=\"nofollow\" class=\"wp-block-button__link  add_to_cart_button ajax_add_to_cart\">In den Warenkorb<\/a><\/div>\n\t\t\t<\/li><\/ul><\/div><\/div>\n<\/div>\n","protected":false},"excerpt":{"rendered":"","protected":false},"author":1,"featured_media":0,"parent":0,"menu_order":0,"comment_status":"closed","ping_status":"closed","template":"","meta":{"footnotes":""},"class_list":["post-37","page","type-page","status-publish","hentry","entry","owp-thumbs-layout-horizontal","owp-btn-normal","owp-tabs-layout-horizontal","has-no-thumbnails","has-product-nav"],"_links":{"self":[{"href":"https:\/\/leserverlag.de\/index.php?rest_route=\/wp\/v2\/pages\/37","targetHints":{"allow":["GET"]}}],"collection":[{"href":"https:\/\/leserverlag.de\/index.php?rest_route=\/wp\/v2\/pages"}],"about":[{"href":"https:\/\/leserverlag.de\/index.php?rest_route=\/wp\/v2\/types\/page"}],"author":[{"embeddable":true,"href":"https:\/\/leserverlag.de\/index.php?rest_route=\/wp\/v2\/users\/1"}],"replies":[{"embeddable":true,"href":"https:\/\/leserverlag.de\/index.php?rest_route=%2Fwp%2Fv2%2Fcomments&post=37"}],"version-history":[{"count":1,"href":"https:\/\/leserverlag.de\/index.php?rest_route=\/wp\/v2\/pages\/37\/revisions"}],"predecessor-version":[{"id":53,"href":"https:\/\/leserverlag.de\/index.php?rest_route=\/wp\/v2\/pages\/37\/revisions\/53"}],"wp:attachment":[{"href":"https:\/\/leserverlag.de\/index.php?rest_route=%2Fwp%2Fv2%2Fmedia&parent=37"}],"curies":[{"name":"wp","href":"https:\/\/api.w.org\/{rel}","templated":true}]}}